{"id":87,"date":"2024-09-12T15:07:50","date_gmt":"2024-09-12T13:07:50","guid":{"rendered":"http:\/\/gvxzpby.cluster027.hosting.ovh.net\/?post_type=product&#038;p=87"},"modified":"2025-03-03T12:39:28","modified_gmt":"2025-03-03T11:39:28","slug":"ecrissa-bolossa-de-laetitia-paviani","status":"publish","type":"product","link":"https:\/\/www.editions-howtobecome.com\/index.php\/produit\/ecrissa-bolossa-de-laetitia-paviani\/","title":{"rendered":"\u00e9crissa bolossa, l\u00e6titia paviani"},"content":{"rendered":"<p>Frustration, inflammation, licences commerciales, torture et choux qui accouchent. \u00c7a commence mal \u00e0 Montreuil. Et \u00e7a finit dans le Kentucky. L\u00e0 o\u00f9 tout a vraiment commenc\u00e9.<br \/>\n<i>\u00c9CRISSA BOLOSSA<\/i>, L\u00e6titia Paviani, 2024<br \/>\nChapbook, 28 pages<br \/>\nIsbn : 978-2-494141-10-0<\/p>\n","protected":false},"excerpt":{"rendered":"<p style=\"text-align: left;\">Frustration, inflammation, licences commerciales, torture et choux qui accouchent. \u00c7a commence mal \u00e0 Montreuil. Et \u00e7a finit dans le Kentucky. L\u00e0 o\u00f9 tout a vraiment commenc\u00e9&#8230;<\/p>\n","protected":false},"featured_media":407,"template":"","meta":{"_acf_changed":false},"product_brand":[],"product_cat":[17],"product_tag":[],"class_list":{"0":"post-87","1":"product","2":"type-product","3":"status-publish","4":"has-post-thumbnail","6":"product_cat-non-classe","7":"product_shipping_class-21g-99g","9":"first","10":"instock","11":"taxable","12":"shipping-taxable","13":"purchasable","14":"product-type-simple"},"acf":[],"_links":{"self":[{"href":"https:\/\/www.editions-howtobecome.com\/index.php\/wp-json\/wp\/v2\/product\/87","targetHints":{"allow":["GET"]}}],"collection":[{"href":"https:\/\/www.editions-howtobecome.com\/index.php\/wp-json\/wp\/v2\/product"}],"about":[{"href":"https:\/\/www.editions-howtobecome.com\/index.php\/wp-json\/wp\/v2\/types\/product"}],"wp:featuredmedia":[{"embeddable":true,"href":"https:\/\/www.editions-howtobecome.com\/index.php\/wp-json\/wp\/v2\/media\/407"}],"wp:attachment":[{"href":"https:\/\/www.editions-howtobecome.com\/index.php\/wp-json\/wp\/v2\/media?parent=87"}],"wp:term":[{"taxonomy":"product_brand","embeddable":true,"href":"https:\/\/www.editions-howtobecome.com\/index.php\/wp-json\/wp\/v2\/product_brand?post=87"},{"taxonomy":"product_cat","embeddable":true,"href":"https:\/\/www.editions-howtobecome.com\/index.php\/wp-json\/wp\/v2\/product_cat?post=87"},{"taxonomy":"product_tag","embeddable":true,"href":"https:\/\/www.editions-howtobecome.com\/index.php\/wp-json\/wp\/v2\/product_tag?post=87"}],"curies":[{"name":"wp","href":"https:\/\/api.w.org\/{rel}","templated":true}]}}