{"id":487,"date":"2025-02-20T19:49:58","date_gmt":"2025-02-20T18:49:58","guid":{"rendered":"https:\/\/www.editions-howtobecome.com\/?post_type=product&#038;p=487"},"modified":"2025-10-24T12:32:11","modified_gmt":"2025-10-24T10:32:11","slug":"black-venus-flytrap-jeanetta-rich-traduction-de-camille-kingue","status":"publish","type":"product","link":"https:\/\/www.editions-howtobecome.com\/index.php\/produit\/black-venus-flytrap-jeanetta-rich-traduction-de-camille-kingue\/","title":{"rendered":"Black Venus FlyTrap, Jeanetta Rich, traduction de Camille Kingu\u00e9"},"content":{"rendered":"<p align=\"JUSTIFY\">Frappe mon intestin, s&rsquo;il te pla\u00eet pour que j&rsquo;oublie qui je suis pour un temps &#8211; [ma]punition pour \u00eatre une femme. Pense \u00e0 la fa\u00e7on dont mon p\u00e8re meurt d&rsquo;un cancer et personne pour porter son nom. Imagine juste si je pouvais baiser tr\u00e8s tr\u00e8s fort tous les hommes Noirs pour emp\u00eacher mon p\u00e8re de mourir. Je pourrais ressusciter tous les noms [des enfants qui ne sont pas advenus]. Comme dans un film de Lars von Trier&#8230;<\/p>\n<p align=\"JUSTIFY\">Zin, \u00abLa Dion\u00e9e Attrape-mouche noire \u00bb, Jeanetta Rich<br \/>\ngraphisme Sofia Hernandez-Quintero<br \/>\n40 pages, 2025<\/p>\n","protected":false},"excerpt":{"rendered":"<p>Frappe mon intestin, s&rsquo;il te pla\u00eet pour que j&rsquo;oublie qui je suis pour un temps &#8211; [ma]punition pour \u00eatre une femme. Pense \u00e0 la fa\u00e7on dont mon p\u00e8re meurt d&rsquo;un cancer et personne pour porter son nom. Imagine juste si je pouvais baiser tr\u00e8s tr\u00e8s fort tous les hommes Noirs pour emp\u00eacher mon p\u00e8re de mourir&#8230;<\/p>\n","protected":false},"featured_media":488,"template":"","meta":{"_acf_changed":false},"product_brand":[],"product_cat":[17],"product_tag":[],"class_list":{"0":"post-487","1":"product","2":"type-product","3":"status-publish","4":"has-post-thumbnail","6":"product_cat-non-classe","7":"product_shipping_class-21g-99g","9":"first","10":"instock","11":"taxable","12":"shipping-taxable","13":"purchasable","14":"product-type-simple"},"acf":[],"_links":{"self":[{"href":"https:\/\/www.editions-howtobecome.com\/index.php\/wp-json\/wp\/v2\/product\/487","targetHints":{"allow":["GET"]}}],"collection":[{"href":"https:\/\/www.editions-howtobecome.com\/index.php\/wp-json\/wp\/v2\/product"}],"about":[{"href":"https:\/\/www.editions-howtobecome.com\/index.php\/wp-json\/wp\/v2\/types\/product"}],"wp:featuredmedia":[{"embeddable":true,"href":"https:\/\/www.editions-howtobecome.com\/index.php\/wp-json\/wp\/v2\/media\/488"}],"wp:attachment":[{"href":"https:\/\/www.editions-howtobecome.com\/index.php\/wp-json\/wp\/v2\/media?parent=487"}],"wp:term":[{"taxonomy":"product_brand","embeddable":true,"href":"https:\/\/www.editions-howtobecome.com\/index.php\/wp-json\/wp\/v2\/product_brand?post=487"},{"taxonomy":"product_cat","embeddable":true,"href":"https:\/\/www.editions-howtobecome.com\/index.php\/wp-json\/wp\/v2\/product_cat?post=487"},{"taxonomy":"product_tag","embeddable":true,"href":"https:\/\/www.editions-howtobecome.com\/index.php\/wp-json\/wp\/v2\/product_tag?post=487"}],"curies":[{"name":"wp","href":"https:\/\/api.w.org\/{rel}","templated":true}]}}