{"id":443,"date":"2024-12-05T13:18:22","date_gmt":"2024-12-05T12:18:22","guid":{"rendered":"http:\/\/gvxzpby.cluster027.hosting.ovh.net\/?post_type=product&#038;p=443"},"modified":"2025-03-03T12:35:52","modified_gmt":"2025-03-03T11:35:52","slug":"collection-tradfada","status":"publish","type":"product","link":"https:\/\/www.editions-howtobecome.com\/index.php\/produit\/collection-tradfada\/","title":{"rendered":"Collection Tradfada"},"content":{"rendered":"<p class=\"p1\">Tradfada est une collection initi\u00e9e en 2024 par L\u00e6titia Paviani pour les \u00e9ditions How To Become. Trad comme traduction et fada comme intifada, soul\u00e8vement en arabe. Cette collection est n\u00e9e de la n\u00e9cessit\u00e9 de transmettre des textes en lien avec la lutte palestinenne contre son invisibilisation.<\/p>\n<p>3 chapbooks :<br \/>\n1. Comment l\u2019unit\u00e9 d\u2019\u00e9lite isra\u00e9lienne cible les queers palestinien\u00b7nes en Cisjordanie &amp; 8 questions que les queers palestininien\u00b7nes sont fatigu\u00e9\u00b7es d\u2019entendre, de Theia Chatelle &amp; Ghaith Hilal<br \/>\npour le groupe al-Qaws, traduction de L\u00e6titia Paviani.<\/p>\n<p>2. E-mails de Palestine, de Rachel Corrie, traduction et pr\u00e9face de L\u00e6titia Paviani<\/p>\n<p>3. Bibi, qu\u2019as-tu fait ? de Nurit Peled-Elhanan &amp; Olga Martinez, pr\u00e9face de L\u00e6titia Paviani<\/p>\n","protected":false},"excerpt":{"rendered":"<p>Tradfada est une collection initi\u00e9e en 2024 par L\u00e6titia Paviani pour les \u00e9ditions How To Become. Trad comme traduction et fada comme intifada, soul\u00e8vement en arabe&#8230;<\/p>\n","protected":false},"featured_media":444,"template":"","meta":{"_acf_changed":false},"product_brand":[],"product_cat":[17],"product_tag":[],"class_list":{"0":"post-443","1":"product","2":"type-product","3":"status-publish","4":"has-post-thumbnail","6":"product_cat-non-classe","7":"product_shipping_class-100-g-a-249-g","9":"first","10":"instock","11":"taxable","12":"shipping-taxable","13":"purchasable","14":"product-type-simple"},"acf":[],"_links":{"self":[{"href":"https:\/\/www.editions-howtobecome.com\/index.php\/wp-json\/wp\/v2\/product\/443","targetHints":{"allow":["GET"]}}],"collection":[{"href":"https:\/\/www.editions-howtobecome.com\/index.php\/wp-json\/wp\/v2\/product"}],"about":[{"href":"https:\/\/www.editions-howtobecome.com\/index.php\/wp-json\/wp\/v2\/types\/product"}],"wp:featuredmedia":[{"embeddable":true,"href":"https:\/\/www.editions-howtobecome.com\/index.php\/wp-json\/wp\/v2\/media\/444"}],"wp:attachment":[{"href":"https:\/\/www.editions-howtobecome.com\/index.php\/wp-json\/wp\/v2\/media?parent=443"}],"wp:term":[{"taxonomy":"product_brand","embeddable":true,"href":"https:\/\/www.editions-howtobecome.com\/index.php\/wp-json\/wp\/v2\/product_brand?post=443"},{"taxonomy":"product_cat","embeddable":true,"href":"https:\/\/www.editions-howtobecome.com\/index.php\/wp-json\/wp\/v2\/product_cat?post=443"},{"taxonomy":"product_tag","embeddable":true,"href":"https:\/\/www.editions-howtobecome.com\/index.php\/wp-json\/wp\/v2\/product_tag?post=443"}],"curies":[{"name":"wp","href":"https:\/\/api.w.org\/{rel}","templated":true}]}}