{"id":438,"date":"2024-12-04T21:21:23","date_gmt":"2024-12-04T20:21:23","guid":{"rendered":"http:\/\/gvxzpby.cluster027.hosting.ovh.net\/?post_type=product&#038;p=438"},"modified":"2025-03-03T12:35:57","modified_gmt":"2025-03-03T11:35:57","slug":"emails-de-palestine-rachel-corrie-traduction-preface-de-laetitia-paviani","status":"publish","type":"product","link":"https:\/\/www.editions-howtobecome.com\/index.php\/produit\/emails-de-palestine-rachel-corrie-traduction-preface-de-laetitia-paviani\/","title":{"rendered":"Emails de Palestine, Rachel Corrie, traduction &#038; pr\u00e9face de L\u00e6titia Paviani"},"content":{"rendered":"<p class=\"p2\" style=\"text-align: left;\">\u00ab Vous m\u2019avez interrog\u00e9 sur la r\u00e9sistance non violente. La d\u00e9tonation de l\u2019explosif hier a bris\u00e9 toutes les fen\u00eatres de la maison familiale. J\u2019\u00e9tais en train de me faire servir du th\u00e9 et de jouer avec les deux petits b\u00e9b\u00e9s. Je traverse une p\u00e9riode difficile en ce moment. J\u2019ai souvent mal au ventre parce que je me fais dorloter tout le temps, tr\u00e8s gentiment, par des gens qui sont au bord du gouffre. Je sais que depuis les \u00c9tats-Unis, tout cela semble hyperbolique. Honn\u00eatement, la plupart du temps, la pure gentillesse des gens ici, associ\u00e9e \u00e0 l\u2019\u00e9vidence \u00e9crasante de la destruction d\u00e9lib\u00e9r\u00e9e de leur vie, me donne l\u2019impression que c\u2019est irr\u00e9el. Je ne peux vraiment pas croire qu\u2019une telle chose puisse se produire dans le monde sans qu\u2019il y ait un plus grand toll\u00e9 \u00e0 ce sujet. Cela me fait vraiment mal, encore une fois, comme cela m\u2019est arriv\u00e9 dans le pass\u00e9, de voir \u00e0 quel point nous pouvons permettre au monde d\u2019\u00eatre horrible. Apr\u00e8s vous avoir parl\u00e9, j\u2019ai eu l\u2019impression que vous ne me croyiez peut-\u00eatre pas tout \u00e0 fait. \u00bb<\/p>\n<p class=\"p2\" style=\"text-align: left;\">Rachel Corrie, textes traduits &amp; pr\u00e9face par L\u00e6titia Paviani<br \/>\nChapbook, 36 pages, collection Tradfada, novembre 2024<\/p>\n","protected":false},"excerpt":{"rendered":"<p>Apr\u00e8s vous avoir parl\u00e9, j\u2019ai eu l\u2019impression que vous ne me croyiez peut-\u00eatre pas tout \u00e0 fait&#8230;<\/p>\n","protected":false},"featured_media":439,"template":"","meta":{"_acf_changed":false},"product_brand":[],"product_cat":[17],"product_tag":[],"class_list":{"0":"post-438","1":"product","2":"type-product","3":"status-publish","4":"has-post-thumbnail","6":"product_cat-non-classe","7":"product_shipping_class-21g-99g","9":"first","10":"instock","11":"taxable","12":"shipping-taxable","13":"purchasable","14":"product-type-simple"},"acf":[],"_links":{"self":[{"href":"https:\/\/www.editions-howtobecome.com\/index.php\/wp-json\/wp\/v2\/product\/438","targetHints":{"allow":["GET"]}}],"collection":[{"href":"https:\/\/www.editions-howtobecome.com\/index.php\/wp-json\/wp\/v2\/product"}],"about":[{"href":"https:\/\/www.editions-howtobecome.com\/index.php\/wp-json\/wp\/v2\/types\/product"}],"wp:featuredmedia":[{"embeddable":true,"href":"https:\/\/www.editions-howtobecome.com\/index.php\/wp-json\/wp\/v2\/media\/439"}],"wp:attachment":[{"href":"https:\/\/www.editions-howtobecome.com\/index.php\/wp-json\/wp\/v2\/media?parent=438"}],"wp:term":[{"taxonomy":"product_brand","embeddable":true,"href":"https:\/\/www.editions-howtobecome.com\/index.php\/wp-json\/wp\/v2\/product_brand?post=438"},{"taxonomy":"product_cat","embeddable":true,"href":"https:\/\/www.editions-howtobecome.com\/index.php\/wp-json\/wp\/v2\/product_cat?post=438"},{"taxonomy":"product_tag","embeddable":true,"href":"https:\/\/www.editions-howtobecome.com\/index.php\/wp-json\/wp\/v2\/product_tag?post=438"}],"curies":[{"name":"wp","href":"https:\/\/api.w.org\/{rel}","templated":true}]}}