{"id":436,"date":"2024-12-04T18:58:09","date_gmt":"2024-12-04T17:58:09","guid":{"rendered":"http:\/\/gvxzpby.cluster027.hosting.ovh.net\/?post_type=product&#038;p=436"},"modified":"2025-03-03T12:36:14","modified_gmt":"2025-03-03T11:36:14","slug":"bibi-quas-tu-fait-nurit-peled-elhanan-laetitia-paviani","status":"publish","type":"product","link":"https:\/\/www.editions-howtobecome.com\/index.php\/produit\/bibi-quas-tu-fait-nurit-peled-elhanan-laetitia-paviani\/","title":{"rendered":"Bibi, qu&rsquo;as-tu fait ? Nurit Peled-Elhanan &#038; L\u00e6titia Paviani"},"content":{"rendered":"<p class=\"p2\" style=\"text-align: left;\">\u00ab Qui sait ? Peut-\u00eatre que le kamikaze qui a tu\u00e9 ma fille pensait \u00e0 sa jeune soeur dont la maison est vide et qui a faim \u00e0 cause du blocus ? \u201c Mon \u201d gouvernement est responsable du d\u00e9sespoir qui l\u2019a pouss\u00e9 \u00e0 cet acte terrible, injustifiable. \u00bb Nurit Peled-Elhanan. Octobre 1997.<\/p>\n<p class=\"p2\" style=\"text-align: left;\">\u00ab La cause palestinienne est largement pass\u00e9e sous silence en Europe et dans le monde occidental. Il est important de conna\u00eetre l\u2019histoire de la Palestine et les personnes qui soutiennent les Palestinien\u00b7nes ici en Isra\u00ebl. C\u2019est tr\u00e8s important. Et il ne faut pas se laisser emporter par le r\u00e9cit de la victimisation : les Juif\u00b7ves ne sont pas des victimes ici. Il y a un \u00c9tat occupant et un peuple occup\u00e9. S\u2019opposer \u00e0 cette occupation n\u2019est pas \u00eatre antis\u00e9mite. \u00bb Nurit Peled-Elhanan. Octobre 2023.<\/p>\n<p>Nurit Peled-Elhanan, pr\u00e9face de L\u00e6titia Paviani<br \/>\nChapbook, 28 pages, collection Tradfada, novembre 2024<\/p>\n","protected":false},"excerpt":{"rendered":"<p style=\"text-align: left;\">\u00ab Qui sait ? Peut-\u00eatre que le kamikaze qui a tu\u00e9 ma fille pensait \u00e0 sa jeune soeur dont la maison est vide et qui a faim \u00e0 cause du blocus ? \u201c Mon \u201d gouvernement est responsable du d\u00e9sespoir qui l\u2019a pouss\u00e9 \u00e0 cet acte terrible, injustifiable&#8230;<\/p>\n","protected":false},"featured_media":437,"template":"","meta":{"_acf_changed":false},"product_brand":[],"product_cat":[17],"product_tag":[],"class_list":{"0":"post-436","1":"product","2":"type-product","3":"status-publish","4":"has-post-thumbnail","6":"product_cat-non-classe","7":"product_shipping_class-21g-99g","9":"first","10":"instock","11":"taxable","12":"shipping-taxable","13":"purchasable","14":"product-type-simple"},"acf":[],"_links":{"self":[{"href":"https:\/\/www.editions-howtobecome.com\/index.php\/wp-json\/wp\/v2\/product\/436","targetHints":{"allow":["GET"]}}],"collection":[{"href":"https:\/\/www.editions-howtobecome.com\/index.php\/wp-json\/wp\/v2\/product"}],"about":[{"href":"https:\/\/www.editions-howtobecome.com\/index.php\/wp-json\/wp\/v2\/types\/product"}],"wp:featuredmedia":[{"embeddable":true,"href":"https:\/\/www.editions-howtobecome.com\/index.php\/wp-json\/wp\/v2\/media\/437"}],"wp:attachment":[{"href":"https:\/\/www.editions-howtobecome.com\/index.php\/wp-json\/wp\/v2\/media?parent=436"}],"wp:term":[{"taxonomy":"product_brand","embeddable":true,"href":"https:\/\/www.editions-howtobecome.com\/index.php\/wp-json\/wp\/v2\/product_brand?post=436"},{"taxonomy":"product_cat","embeddable":true,"href":"https:\/\/www.editions-howtobecome.com\/index.php\/wp-json\/wp\/v2\/product_cat?post=436"},{"taxonomy":"product_tag","embeddable":true,"href":"https:\/\/www.editions-howtobecome.com\/index.php\/wp-json\/wp\/v2\/product_tag?post=436"}],"curies":[{"name":"wp","href":"https:\/\/api.w.org\/{rel}","templated":true}]}}