{"id":434,"date":"2024-12-04T18:51:00","date_gmt":"2024-12-04T17:51:00","guid":{"rendered":"http:\/\/gvxzpby.cluster027.hosting.ovh.net\/?post_type=product&#038;p=434"},"modified":"2025-03-05T01:03:56","modified_gmt":"2025-03-05T00:03:56","slug":"comment-lunite-delite-du-renseignement-israelien-cible-les-queers-palestinien-nes-en-cisjordanie-groupe-al-qaws-traduction-laetitia-paviani","status":"publish","type":"product","link":"https:\/\/www.editions-howtobecome.com\/index.php\/produit\/comment-lunite-delite-du-renseignement-israelien-cible-les-queers-palestinien-nes-en-cisjordanie-groupe-al-qaws-traduction-laetitia-paviani\/","title":{"rendered":"Comment l\u2019unit\u00e9 d\u2019\u00e9lite du renseignement isra\u00e9lien cible les queers palestinien\u00b7nes en Cisjordanie, Theia Chatelle &#038; Groupe al-Qaws traduction L\u00e6titia Paviani"},"content":{"rendered":"<p class=\"p2\">\u00ab L\u2019objectif d\u2019Isra\u00ebl dans le territoire palestinien occup\u00e9 est le contr\u00f4le, la domination et l\u2019assujettissement \u00bb, a d\u00e9clar\u00e9 Jalal Abukhater, qui travaille \u00e0 7amleh, une organisation palestinienne de s\u00e9curit\u00e9 num\u00e9rique. \u00ab Son objectif principal est d\u2019instiller la peur chez les Palestinien\u00b7nes et de les emp\u00eacher d\u2019agir ou de socialiser de mani\u00e8re naturelle. \u00bb (Comment l\u2019unit\u00e9 d\u2019\u00e9lite, etc.)<\/p>\n<p class=\"p2\">\u00ab Nous r\u00e9sistons au sentiment de \u201c famille mondiale, rose, heureuse et gay \u201d. L\u2019organisation exclusivement palestinienne est essentielle \u00e0 la d\u00e9colonisation et \u00e0 l\u2019am\u00e9lioration de la soci\u00e9t\u00e9 palestinienne. \u00bb (8 questions, etc.)<\/p>\n<p class=\"p2\">Theia Chatelle &amp; Groupe al-Qaws, textes choisis et traduis par L\u00e6titia Paviani<br \/>\nChapbook, 24 pages, collection Tradfda, novembre 2024<\/p>\n","protected":false},"excerpt":{"rendered":"<p style=\"text-align: left;\">Nous r\u00e9sistons au sentiment de \u201c famille mondiale, rose, heureuse et gay \u201d. L\u2019organisation exclusivement palestinienne est essentielle \u00e0 la d\u00e9colonisation&#8230;<\/p>\n","protected":false},"featured_media":435,"template":"","meta":{"_acf_changed":false},"product_brand":[],"product_cat":[17],"product_tag":[],"class_list":{"0":"post-434","1":"product","2":"type-product","3":"status-publish","4":"has-post-thumbnail","6":"product_cat-non-classe","7":"product_shipping_class-21g-99g","9":"first","10":"instock","11":"taxable","12":"shipping-taxable","13":"purchasable","14":"product-type-simple"},"acf":[],"_links":{"self":[{"href":"https:\/\/www.editions-howtobecome.com\/index.php\/wp-json\/wp\/v2\/product\/434","targetHints":{"allow":["GET"]}}],"collection":[{"href":"https:\/\/www.editions-howtobecome.com\/index.php\/wp-json\/wp\/v2\/product"}],"about":[{"href":"https:\/\/www.editions-howtobecome.com\/index.php\/wp-json\/wp\/v2\/types\/product"}],"wp:featuredmedia":[{"embeddable":true,"href":"https:\/\/www.editions-howtobecome.com\/index.php\/wp-json\/wp\/v2\/media\/435"}],"wp:attachment":[{"href":"https:\/\/www.editions-howtobecome.com\/index.php\/wp-json\/wp\/v2\/media?parent=434"}],"wp:term":[{"taxonomy":"product_brand","embeddable":true,"href":"https:\/\/www.editions-howtobecome.com\/index.php\/wp-json\/wp\/v2\/product_brand?post=434"},{"taxonomy":"product_cat","embeddable":true,"href":"https:\/\/www.editions-howtobecome.com\/index.php\/wp-json\/wp\/v2\/product_cat?post=434"},{"taxonomy":"product_tag","embeddable":true,"href":"https:\/\/www.editions-howtobecome.com\/index.php\/wp-json\/wp\/v2\/product_tag?post=434"}],"curies":[{"name":"wp","href":"https:\/\/api.w.org\/{rel}","templated":true}]}}