{"id":228,"date":"2024-10-10T13:48:22","date_gmt":"2024-10-10T11:48:22","guid":{"rendered":"http:\/\/gvxzpby.cluster027.hosting.ovh.net\/?post_type=product&#038;p=228"},"modified":"2025-02-21T17:58:50","modified_gmt":"2025-02-21T16:58:50","slug":"how-to-become-a-body-double","status":"publish","type":"product","link":"https:\/\/www.editions-howtobecome.com\/index.php\/produit\/how-to-become-a-body-double\/","title":{"rendered":"How to Become a Body Double"},"content":{"rendered":"<p>N\u00b0 1 de la revue HTB<\/p>\n<p>\u00ab\u00a0La suite de How to Become a Lesbian ou comment chiper les robes de nos idoles et les ajuster \u00e0 nos pr\u00e9tentions, comment translater, comment dire queer, comment dire tu, comment s\u2019\u00e9tendre dans le body de l\u2019embodiement, comment t\u2019\u00e9crire, comment t\u2019\u00e9crire, comment \u00e7a experiment !<br \/>\nUne revue issue des workshops d\u2019\u00e9criture &amp; traductions organis\u00e9s par sabrina soyer \u00e0 The Cheapest University dans le cadre du programme The Long Love Letter.<br \/>\nDouble point de d\u00e9part de ce num\u00e9ro :\u00a0Po\u00e9tique de la translation \u00e0 l\u2019heure de l\u2019anglais international et des politiques d\u2019assimilation culturelle;\u00a0Narrativit\u00e9 ou comment des exp\u00e9rimentations dans le domaine de l\u2019\u00e9criture narrative am\u00e8nent une r\u00e9flexion sur les questions de genre concernant l\u2019identit\u00e9 du sujet d\u00e9finie par le politique.<br \/>\n508,38 gr. d\u2019encres couleur sur papiers sujets aux d\u00e9doublements.\u00a0\u00bb<\/p>\n<p>Avec : Claire Finch, Alexander Wolff, Fran\u00e7ois Lancien-Guilberteau, Th\u00e9o Robine-Langlois &amp; Blaise Parmentier, Lisa Robertson traduite par sabrina soyer, Rachel Schenberg, H\u00e9l\u00e8ne Baril, Nor Ivory Weber, Laetitia Paviani, Sam Basu, Julie Sas, \u00c9milie Not\u00e9ris, M\u00e9lanie Blaison, Sophie T. Lvoff<\/p>\n<p>Num\u00e9ro mostly bilingue<\/p>\n","protected":false},"excerpt":{"rendered":"<p style=\"text-align: left;\">N\u00b0 1 de la revue HTB, \u00e9puis\u00e9 ! T\u00e9l\u00e9cheable dans \u00ab\u00a0archives pdf\u00a0\u00bb<\/p>\n","protected":false},"featured_media":490,"template":"","meta":{"_acf_changed":false},"product_brand":[],"product_cat":[17],"product_tag":[],"class_list":{"0":"post-228","1":"product","2":"type-product","3":"status-publish","4":"has-post-thumbnail","6":"product_cat-non-classe","8":"first","9":"outofstock","10":"taxable","11":"shipping-taxable","12":"purchasable","13":"product-type-simple"},"acf":[],"_links":{"self":[{"href":"https:\/\/www.editions-howtobecome.com\/index.php\/wp-json\/wp\/v2\/product\/228","targetHints":{"allow":["GET"]}}],"collection":[{"href":"https:\/\/www.editions-howtobecome.com\/index.php\/wp-json\/wp\/v2\/product"}],"about":[{"href":"https:\/\/www.editions-howtobecome.com\/index.php\/wp-json\/wp\/v2\/types\/product"}],"wp:featuredmedia":[{"embeddable":true,"href":"https:\/\/www.editions-howtobecome.com\/index.php\/wp-json\/wp\/v2\/media\/490"}],"wp:attachment":[{"href":"https:\/\/www.editions-howtobecome.com\/index.php\/wp-json\/wp\/v2\/media?parent=228"}],"wp:term":[{"taxonomy":"product_brand","embeddable":true,"href":"https:\/\/www.editions-howtobecome.com\/index.php\/wp-json\/wp\/v2\/product_brand?post=228"},{"taxonomy":"product_cat","embeddable":true,"href":"https:\/\/www.editions-howtobecome.com\/index.php\/wp-json\/wp\/v2\/product_cat?post=228"},{"taxonomy":"product_tag","embeddable":true,"href":"https:\/\/www.editions-howtobecome.com\/index.php\/wp-json\/wp\/v2\/product_tag?post=228"}],"curies":[{"name":"wp","href":"https:\/\/api.w.org\/{rel}","templated":true}]}}