{"id":227,"date":"2024-10-10T13:44:04","date_gmt":"2024-10-10T11:44:04","guid":{"rendered":"http:\/\/gvxzpby.cluster027.hosting.ovh.net\/?post_type=product&#038;p=227"},"modified":"2025-02-20T22:03:52","modified_gmt":"2025-02-20T21:03:52","slug":"how-to-become-a-lesbian","status":"publish","type":"product","link":"https:\/\/www.editions-howtobecome.com\/index.php\/produit\/how-to-become-a-lesbian\/","title":{"rendered":"How to become a Lesbian"},"content":{"rendered":"\r\n<p>Revue HTB n\u00b0 0, 2017<\/p>\r\n\r\n\r\n\r\n<p>\u00ab\u00a0Une revue qui parle deux langues, color\u00e9e, non-digitale et soumise aux lois de la pesanteur. Une revue issue du workshop du m\u00eame nom organis\u00e9 par sabrina soyer au sein de The Cheapest University et qui se poursuivra au printemps 2017 au Carreau du Temple dans le cadre du programme de printemps <em>The Long Love Letter<\/em>. Ce num\u00e9ro regroupe les contributions d\u2019artistes et d\u2019auteurs sujets aux questionnements relatifs \u00e0 l\u2019orientation, la carri\u00e8re, le d\u00e9sir, le travail et le travail, la professionnalisation des pratiques artistiques et la fabrication des savoirs. \u00c0 l\u2019int\u00e9rieur de ce num\u00e9ro, une traduction fran\u00e7aise d\u2019un extrait de \u00ab Inferno, A Poet\u2019s Novel \u00bb de Eyleen Myles, extrait qui a \u00e9t\u00e9 le point de d\u00e9part pour des discussions de groupe sur les formats d\u2019\u00e9critures en lien avec la \u00ab carri\u00e8re \u00bb de l\u2019artiste (career narrative, portfolio, CV, letter of intent\u2026).\u00a0\u00bb<\/p>\r\n\r\n\r\n\r\n<p>Avec : Polly Wall, Sabrina Tarasoff, Sam Basu, H\u00e9l\u00e8ne Baril, Blanche Denarnaud, Fran\u00e7ois Lancien-Guilberteau, Eileen Myles (trad. Emilie Noteris &amp; sabrina soyer), Louise Sartor, Ian Breakwell (trad. Alicia Vaisse), J\u00e9r\u00e9mie Gaulin, Maxime Bichon, Giles Eldridge, \u00c9ric Stephany\u2026<\/p>\r\n","protected":false},"excerpt":{"rendered":"<p style=\"text-align: left;\">Revue HTB n\u00b0 0, \u00e9puis\u00e9 ! T\u00e9l\u00e9chargeable dans \u00ab\u00a0archives pdf\u00a0\u00bb<\/p>\n","protected":false},"featured_media":493,"template":"","meta":{"_acf_changed":false},"product_brand":[],"product_cat":[17],"product_tag":[],"class_list":{"0":"post-227","1":"product","2":"type-product","3":"status-publish","4":"has-post-thumbnail","6":"product_cat-non-classe","8":"first","9":"outofstock","10":"taxable","11":"shipping-taxable","12":"purchasable","13":"product-type-simple"},"acf":[],"_links":{"self":[{"href":"https:\/\/www.editions-howtobecome.com\/index.php\/wp-json\/wp\/v2\/product\/227","targetHints":{"allow":["GET"]}}],"collection":[{"href":"https:\/\/www.editions-howtobecome.com\/index.php\/wp-json\/wp\/v2\/product"}],"about":[{"href":"https:\/\/www.editions-howtobecome.com\/index.php\/wp-json\/wp\/v2\/types\/product"}],"wp:featuredmedia":[{"embeddable":true,"href":"https:\/\/www.editions-howtobecome.com\/index.php\/wp-json\/wp\/v2\/media\/493"}],"wp:attachment":[{"href":"https:\/\/www.editions-howtobecome.com\/index.php\/wp-json\/wp\/v2\/media?parent=227"}],"wp:term":[{"taxonomy":"product_brand","embeddable":true,"href":"https:\/\/www.editions-howtobecome.com\/index.php\/wp-json\/wp\/v2\/product_brand?post=227"},{"taxonomy":"product_cat","embeddable":true,"href":"https:\/\/www.editions-howtobecome.com\/index.php\/wp-json\/wp\/v2\/product_cat?post=227"},{"taxonomy":"product_tag","embeddable":true,"href":"https:\/\/www.editions-howtobecome.com\/index.php\/wp-json\/wp\/v2\/product_tag?post=227"}],"curies":[{"name":"wp","href":"https:\/\/api.w.org\/{rel}","templated":true}]}}