{"id":209,"date":"2024-10-09T22:35:13","date_gmt":"2024-10-09T20:35:13","guid":{"rendered":"http:\/\/gvxzpby.cluster027.hosting.ovh.net\/?post_type=product&#038;p=209"},"modified":"2025-03-05T01:04:17","modified_gmt":"2025-03-05T00:04:17","slug":"under-the-tongue-of-the-pointing-finger-sous-la-langue-du-doigt-qui-pointe-slalome-e","status":"publish","type":"product","link":"https:\/\/www.editions-howtobecome.com\/index.php\/produit\/under-the-tongue-of-the-pointing-finger-sous-la-langue-du-doigt-qui-pointe-slalome-e\/","title":{"rendered":"Sous la langue du doigt qui pointe,  Slalom\u00e9\u00b7e"},"content":{"rendered":"<p>\u00ab\u00a0Je suis dans la cuisine, ( je comprends pas mon contrat, mais le mur qui me s\u00e9pare, oui, pardon ; je comprends pas mon contrat, mais le mur qui me r\u00e9unit avec les clients du restau, est en verre, alors je me sens un peu moins seule au taf ). Donc l\u00e0, en essuyant les gouttes de transpiration<br \/>\nsur mon front bien sur, je m\u2019arr\u00eate quelques secondes, en laissant les oeufs \u00e0 moiti\u00e9 battus. Je les regarde, s\u2019oublier autour de la table, ils ont l\u2019air d\u2019avoir bien mang\u00e9. Ils se mettent \u00e0 jouer \u00e0 un jeu de cartes. C\u2019est un restau chic, c\u2019est rare de voir des lesbiennes en tant que clientes, mais l\u00e0, il y en a une. \u00bb Slalom\u00e9\u00b7e, 2023.<br \/>\nChapbook, 37 pages<br \/>\nIsbn : 978-2-494141-01-8<\/p>\n","protected":false},"excerpt":{"rendered":"<p style=\"text-align: left;\">C\u2019est un restau chic, c\u2019est rare de voir des lesbiennes en tant que clientes, mais l\u00e0, il y en a une&#8230;<br \/>\nChapbook, s\u00e9rie 2023<\/p>\n","protected":false},"featured_media":520,"template":"","meta":{"_acf_changed":false},"product_brand":[],"product_cat":[17],"product_tag":[],"class_list":{"0":"post-209","1":"product","2":"type-product","3":"status-publish","4":"has-post-thumbnail","6":"product_cat-non-classe","7":"product_shipping_class-21g-99g","9":"first","10":"instock","11":"taxable","12":"shipping-taxable","13":"purchasable","14":"product-type-simple"},"acf":[],"_links":{"self":[{"href":"https:\/\/www.editions-howtobecome.com\/index.php\/wp-json\/wp\/v2\/product\/209","targetHints":{"allow":["GET"]}}],"collection":[{"href":"https:\/\/www.editions-howtobecome.com\/index.php\/wp-json\/wp\/v2\/product"}],"about":[{"href":"https:\/\/www.editions-howtobecome.com\/index.php\/wp-json\/wp\/v2\/types\/product"}],"wp:featuredmedia":[{"embeddable":true,"href":"https:\/\/www.editions-howtobecome.com\/index.php\/wp-json\/wp\/v2\/media\/520"}],"wp:attachment":[{"href":"https:\/\/www.editions-howtobecome.com\/index.php\/wp-json\/wp\/v2\/media?parent=209"}],"wp:term":[{"taxonomy":"product_brand","embeddable":true,"href":"https:\/\/www.editions-howtobecome.com\/index.php\/wp-json\/wp\/v2\/product_brand?post=209"},{"taxonomy":"product_cat","embeddable":true,"href":"https:\/\/www.editions-howtobecome.com\/index.php\/wp-json\/wp\/v2\/product_cat?post=209"},{"taxonomy":"product_tag","embeddable":true,"href":"https:\/\/www.editions-howtobecome.com\/index.php\/wp-json\/wp\/v2\/product_tag?post=209"}],"curies":[{"name":"wp","href":"https:\/\/api.w.org\/{rel}","templated":true}]}}