{"id":205,"date":"2024-10-09T22:23:49","date_gmt":"2024-10-09T20:23:49","guid":{"rendered":"http:\/\/gvxzpby.cluster027.hosting.ovh.net\/?post_type=product&#038;p=205"},"modified":"2025-03-05T01:04:37","modified_gmt":"2025-03-05T00:04:37","slug":"chroniques-et-poemes-sarcastiques-a-prendre-au-premier-degre-dune-gouine-peut-etre-femme-peut-etre-poete-lou-a","status":"publish","type":"product","link":"https:\/\/www.editions-howtobecome.com\/index.php\/produit\/chroniques-et-poemes-sarcastiques-a-prendre-au-premier-degre-dune-gouine-peut-etre-femme-peut-etre-poete-lou-a\/","title":{"rendered":"Chroniques et po\u00e8mes sarcastiques \u00e0 prendre au premier degr\u00e9 d\u2019une gouine peut-\u00eatre femme peut-\u00eatre po\u00e8te, Lou\u00b7a"},"content":{"rendered":"<p>\u00a0\u00bb je me suis souvent dit<br \/>\nque le f\u00e9minisme<br \/>\nc\u2019\u00e9tait plut\u00f4t une question d\u2019hommes<br \/>\nfinalement<br \/>\nNos ascendantes ont fait une partie du taf<br \/>\n\u00e0 eux<br \/>\nde prendre le relais<br \/>\nEnfin si et seulement si<br \/>\nIls ne veulent pas se retrouver<br \/>\navec leurs bites et leurs couilles<br \/>\nen sautoir autour du cou \u00a0\u00bb<br \/>\nLou\u00b7a, 2023<br \/>\nChapbook, 28 pages<br \/>\nIsbn : 978-2-494141-03-2<\/p>\n","protected":false},"excerpt":{"rendered":"<p style=\"text-align: left;\">Je me suis souvent dit<br \/>\nque le f\u00e9minisme<br \/>\nc\u2019\u00e9tait plut\u00f4t une question d\u2019hommes<br \/>\nfinalement&#8230;<\/p>\n","protected":false},"featured_media":401,"template":"","meta":{"_acf_changed":false},"product_brand":[],"product_cat":[17],"product_tag":[],"class_list":{"0":"post-205","1":"product","2":"type-product","3":"status-publish","4":"has-post-thumbnail","6":"product_cat-non-classe","7":"product_shipping_class-21g-99g","9":"first","10":"instock","11":"taxable","12":"shipping-taxable","13":"purchasable","14":"product-type-simple"},"acf":[],"_links":{"self":[{"href":"https:\/\/www.editions-howtobecome.com\/index.php\/wp-json\/wp\/v2\/product\/205","targetHints":{"allow":["GET"]}}],"collection":[{"href":"https:\/\/www.editions-howtobecome.com\/index.php\/wp-json\/wp\/v2\/product"}],"about":[{"href":"https:\/\/www.editions-howtobecome.com\/index.php\/wp-json\/wp\/v2\/types\/product"}],"wp:featuredmedia":[{"embeddable":true,"href":"https:\/\/www.editions-howtobecome.com\/index.php\/wp-json\/wp\/v2\/media\/401"}],"wp:attachment":[{"href":"https:\/\/www.editions-howtobecome.com\/index.php\/wp-json\/wp\/v2\/media?parent=205"}],"wp:term":[{"taxonomy":"product_brand","embeddable":true,"href":"https:\/\/www.editions-howtobecome.com\/index.php\/wp-json\/wp\/v2\/product_brand?post=205"},{"taxonomy":"product_cat","embeddable":true,"href":"https:\/\/www.editions-howtobecome.com\/index.php\/wp-json\/wp\/v2\/product_cat?post=205"},{"taxonomy":"product_tag","embeddable":true,"href":"https:\/\/www.editions-howtobecome.com\/index.php\/wp-json\/wp\/v2\/product_tag?post=205"}],"curies":[{"name":"wp","href":"https:\/\/api.w.org\/{rel}","templated":true}]}}