{"id":196,"date":"2024-10-09T21:44:53","date_gmt":"2024-10-09T19:44:53","guid":{"rendered":"http:\/\/gvxzpby.cluster027.hosting.ovh.net\/?post_type=product&#038;p=196"},"modified":"2025-03-03T12:38:44","modified_gmt":"2025-03-03T11:38:44","slug":"le-vaisseau-de-la-vezere","status":"publish","type":"product","link":"https:\/\/www.editions-howtobecome.com\/index.php\/produit\/le-vaisseau-de-la-vezere\/","title":{"rendered":"Le vaisseau de la V\u00e9z\u00e8re"},"content":{"rendered":"<p>Pi\u00e8ce audio, K7<br \/>\nAvec les po\u00e8mes et cr\u00e9ations sonores de Lou\u00b7a, M\u00e9lanie Blaison, sabrina soyer, Joyce Rivi\u00e8re, L\u00e6titia Paviani et les Kinky Tritonnes.<br \/>\n38&Prime;19 min.<br \/>\nR\u00e9alis\u00e9e en co\u00e9dition avec Le centre d&rsquo;art Treignac Projet<\/p>\n","protected":false},"excerpt":{"rendered":"<p style=\"text-align: left;\">Pi\u00e8ce audio, K7, avec les po\u00e8mes et cr\u00e9ations sonores de Lou\u00b7a, M\u00e9lanie Blaison, sabrina soyer, Joyce Rivi\u00e8re, L\u00e6titia Paviani et les Kinky Tritonnes.<\/p>\n","protected":false},"featured_media":399,"template":"","meta":{"_acf_changed":false},"product_brand":[],"product_cat":[17],"product_tag":[],"class_list":{"0":"post-196","1":"product","2":"type-product","3":"status-publish","4":"has-post-thumbnail","6":"product_cat-non-classe","7":"product_shipping_class-21g-99g","9":"first","10":"instock","11":"taxable","12":"shipping-taxable","13":"purchasable","14":"product-type-simple"},"acf":[],"_links":{"self":[{"href":"https:\/\/www.editions-howtobecome.com\/index.php\/wp-json\/wp\/v2\/product\/196","targetHints":{"allow":["GET"]}}],"collection":[{"href":"https:\/\/www.editions-howtobecome.com\/index.php\/wp-json\/wp\/v2\/product"}],"about":[{"href":"https:\/\/www.editions-howtobecome.com\/index.php\/wp-json\/wp\/v2\/types\/product"}],"wp:featuredmedia":[{"embeddable":true,"href":"https:\/\/www.editions-howtobecome.com\/index.php\/wp-json\/wp\/v2\/media\/399"}],"wp:attachment":[{"href":"https:\/\/www.editions-howtobecome.com\/index.php\/wp-json\/wp\/v2\/media?parent=196"}],"wp:term":[{"taxonomy":"product_brand","embeddable":true,"href":"https:\/\/www.editions-howtobecome.com\/index.php\/wp-json\/wp\/v2\/product_brand?post=196"},{"taxonomy":"product_cat","embeddable":true,"href":"https:\/\/www.editions-howtobecome.com\/index.php\/wp-json\/wp\/v2\/product_cat?post=196"},{"taxonomy":"product_tag","embeddable":true,"href":"https:\/\/www.editions-howtobecome.com\/index.php\/wp-json\/wp\/v2\/product_tag?post=196"}],"curies":[{"name":"wp","href":"https:\/\/api.w.org\/{rel}","templated":true}]}}