{"id":194,"date":"2024-10-09T21:39:45","date_gmt":"2024-10-09T19:39:45","guid":{"rendered":"http:\/\/gvxzpby.cluster027.hosting.ovh.net\/?post_type=product&#038;p=194"},"modified":"2025-03-03T12:38:55","modified_gmt":"2025-03-03T11:38:55","slug":"chapbooks-2023-la-serie","status":"publish","type":"product","link":"https:\/\/www.editions-howtobecome.com\/index.php\/produit\/chapbooks-2023-la-serie\/","title":{"rendered":"Chapbooks 2023, la s\u00e9rie"},"content":{"rendered":"<p>Premiers chapbooks de la collection How (6), 2023<\/p>\n<p><i>Barking Up The Wrong Tree, <\/i>Sophie T. Lvoff, 2023<br \/>\n<em>\u00ab\u00a0Graduate School <\/em>\/ For your first professional studio visit \/ paint the floors \/ \u201cfloor paint gray\u201d \/ and then listen to the next one say \/ \u201cThis is almost a good photograph\u201d \/ after eating an entire Saint Marcelin cheese \/ and hallucinating from it \/ in a youth hostel in Lyon (Villeurbanne) \u00bb<\/p>\n<p><i>Times Square Red, Times Square Blue, <\/i>Barbara Sirieix &amp; sabrina soyer traduisent Samuel R. Delany (extraits), 2023<br \/>\n\u00ab\u00a0Pendant des d\u00e9cennies, le cri d\u2019alarme de nos villes a \u00e9t\u00e9 : \u00ab ne parlez pas aux inconnu\u00b7es. \u00bb Je pense que dans une ville d\u00e9mocratique, il est imp\u00e9ratif de parler aux inconnu\u00b7es, de vivre pr\u00e8s d\u2019elle\u00b7ux et d\u2019apprendre \u00e0 entrer en relation avec elle\u00b7ux \u00e0 plusieurs niveaux, du politique au sexuel. Les sites urbains doivent \u00eatre con\u00e7us pour permettre \u00e0 ces multiples interactions de se produire facilement, avec un minimum de danger, confortablement et de fa\u00e7on pratique. Le politique \u2014 la fa\u00e7on de vivre dans la <span class=\"s1\">polis<\/span>, dans la cit\u00e9 \u2014 c\u2019est \u00e7a. \u00bb<\/p>\n<p><i>N\u00e9o-chatte, <\/i>Joyce Rivi\u00e8re, 2023<br \/>\n\u00ab J\u2019imagine mon premier orgasme \/ Comme solitaire \/ \u00c0 l\u2019abri de la lumi\u00e8re \/ Me faisant une avec le plafond \/ Blanc \/ Qui me narguait pendant \/ Toutes ces ann\u00e9es \/ Et me disait que je n\u2019y arriverai pas \/ Que j\u2019ai tout ce qui faut pour partir \/ Je le regarderai avec \/ La d\u00e9termination d\u2019une gu\u00e9rillere \/ Pour que lui et moi ne fassions \/ Plus qu\u2019un\u00b7e \/ Plafond maudit \/ Plafond ch\u00e9ri \/ Qui coulera et s\u2019\u00e9coulera \/ Chaud \/ Autour de ma taille \/ Pieuvre de pl\u00e2tre \/ Pendant que je me frotterai \/ A moi m\u00eame. \u00bb<\/p>\n<p><i><\/i><i>Under the tongue of the pointing finger \/ Sous la langue du doigt qui pointe,\u00a0<\/i> Slalom\u00e9\u00b7e , 2023<i><br \/>\n<\/i>\u00ab\u00a0Je suis dans la cuisine, ( je comprends pas mon contrat, mais le mur qui me s\u00e9pare, oui, pardon ; je comprends pas mon contrat, mais le mur qui me r\u00e9unit avec les clients du restau, est en verre, alors je me sens un peu moins seule au taf ). Donc l\u00e0, en essuyant les gouttes de transpiration<br \/>\nsur mon front bien sur, je m\u2019arr\u00eate quelques secondes, en laissant les oeufs \u00e0 moiti\u00e9 battus. Je les regarde, s\u2019oublier autour de la table, ils ont l\u2019air d\u2019avoir bien mang\u00e9. Ils se mettent \u00e0 jouer \u00e0 un jeu de cartes. C\u2019est un restau chic, c\u2019est rare de voir des lesbiennes en tant que clientes, mais l\u00e0, il y en a une. \u00bb<\/p>\n<p><i>Chroniques et po\u00e8mes sarcastiques \u00e0 prendre au premier degr\u00e9 d&rsquo;une gouine peut-\u00eatre femme peut-\u00eatre po\u00e8te, <\/i>Lou\u00b7a, 2023<br \/>\n\u00ab je me suis souvent dit \/ que le f\u00e9minisme \/ c\u2019\u00e9tait plut\u00f4t une question d\u2019hommes \/ finalement \/ Nos ascendantes ont fait une partie du taf \/ \u00e0 eux \/ de prendre le relais \/ Enfin si et seulement si \/ Ils ne veulent pas se retrouver \/ avec leurs bites et leurs couilles \/ en sautoir autour du cou \u00bb<\/p>\n<p><i>Le magasin, <\/i>M\u00e9lanie Blaison, 2023<br \/>\n<i><\/i>\u00ab Elle a 1 heure 30 avant que les premi\u00e8res clientes arrivent. Elle a 1 heure 30 o\u00f9 elle va pouvoir compter sans \u00eatre d\u00e9rang\u00e9e. \u00bb<\/p>\n<p>&nbsp;<\/p>\n","protected":false},"excerpt":{"rendered":"<p style=\"text-align: left;\">Barking Up The Wrong Tree de Sophie T. Lvoff \/ Times Square Red, Times Square Blue, Barbara Sirieix &amp; sabrina soyer traduisent Samuel R. Delany \/ N\u00e9o-chatte de Joyce Rivi\u00e8re \/ Sous la langue du doigt qui pointe de\u00a0 Slalom\u00e9\u00b7e \/ Chroniques et po\u00e8mes sarcastiques \u00e0 prendre au premier degr\u00e9 de Lou\u00b7a \/ Le magasin de M\u00e9lanie Blaison,<\/p>\n","protected":false},"featured_media":410,"template":"","meta":{"_acf_changed":false},"product_brand":[],"product_cat":[17],"product_tag":[],"class_list":{"0":"post-194","1":"product","2":"type-product","3":"status-publish","4":"has-post-thumbnail","6":"product_cat-non-classe","7":"product_shipping_class-250g-a-499-g","9":"first","10":"instock","11":"taxable","12":"shipping-taxable","13":"purchasable","14":"product-type-simple"},"acf":[],"_links":{"self":[{"href":"https:\/\/www.editions-howtobecome.com\/index.php\/wp-json\/wp\/v2\/product\/194","targetHints":{"allow":["GET"]}}],"collection":[{"href":"https:\/\/www.editions-howtobecome.com\/index.php\/wp-json\/wp\/v2\/product"}],"about":[{"href":"https:\/\/www.editions-howtobecome.com\/index.php\/wp-json\/wp\/v2\/types\/product"}],"wp:featuredmedia":[{"embeddable":true,"href":"https:\/\/www.editions-howtobecome.com\/index.php\/wp-json\/wp\/v2\/media\/410"}],"wp:attachment":[{"href":"https:\/\/www.editions-howtobecome.com\/index.php\/wp-json\/wp\/v2\/media?parent=194"}],"wp:term":[{"taxonomy":"product_brand","embeddable":true,"href":"https:\/\/www.editions-howtobecome.com\/index.php\/wp-json\/wp\/v2\/product_brand?post=194"},{"taxonomy":"product_cat","embeddable":true,"href":"https:\/\/www.editions-howtobecome.com\/index.php\/wp-json\/wp\/v2\/product_cat?post=194"},{"taxonomy":"product_tag","embeddable":true,"href":"https:\/\/www.editions-howtobecome.com\/index.php\/wp-json\/wp\/v2\/product_tag?post=194"}],"curies":[{"name":"wp","href":"https:\/\/api.w.org\/{rel}","templated":true}]}}