{"id":192,"date":"2024-10-09T19:06:11","date_gmt":"2024-10-09T17:06:11","guid":{"rendered":"http:\/\/gvxzpby.cluster027.hosting.ovh.net\/?post_type=product&#038;p=192"},"modified":"2025-03-03T12:39:41","modified_gmt":"2025-03-03T11:39:41","slug":"le-cache-linvisibilise-sofia-quintero-hernandez-traduit-julieta-paredes","status":"publish","type":"product","link":"https:\/\/www.editions-howtobecome.com\/index.php\/produit\/le-cache-linvisibilise-sofia-quintero-hernandez-traduit-julieta-paredes\/","title":{"rendered":"Le cach\u00e9, l&rsquo;invisibilis\u00e9, Sofia Quintero Hernandez traduit Julieta Paredes"},"content":{"rendered":"<p>Sof\u00eda traduit une prise de parole de Julieta Paredes \u00e0 la VII\u00e8me rencontre f\u00e9ministe d\u2019Amerique Latine et des Cara\u00efbes (Chili, 1996), elle nous parle de dispute et d\u2019invisibilisation mais surtout d\u2019un espoir de lutte car \u00ab L\u2019utopie envisage toujours des horizons qui vont plus loin \u00bb.<br \/>\n<i>LE CACH\u00c9, L\u2019INVISIBILIS\u00c9<\/i>, Sof\u00eda Quintero Hern\u00e1ndez, Julieta Paredes, 2024<br \/>\nChapbook, 20 pages<br \/>\nIsbn : 978-2-494141-08-7<\/p>\n","protected":false},"excerpt":{"rendered":"<p style=\"text-align: left;\">Sof\u00eda traduit une prise de parole de Julieta Paredes \u00e0 la VII\u00e8me rencontre f\u00e9ministe d\u2019Amerique Latine et des Cara\u00efbes (Chili, 1996)&#8230;<\/p>\n","protected":false},"featured_media":404,"template":"","meta":{"_acf_changed":false},"product_brand":[],"product_cat":[17],"product_tag":[],"class_list":{"0":"post-192","1":"product","2":"type-product","3":"status-publish","4":"has-post-thumbnail","6":"product_cat-non-classe","7":"product_shipping_class-21g-99g","9":"first","10":"instock","11":"taxable","12":"shipping-taxable","13":"purchasable","14":"product-type-simple"},"acf":[],"_links":{"self":[{"href":"https:\/\/www.editions-howtobecome.com\/index.php\/wp-json\/wp\/v2\/product\/192","targetHints":{"allow":["GET"]}}],"collection":[{"href":"https:\/\/www.editions-howtobecome.com\/index.php\/wp-json\/wp\/v2\/product"}],"about":[{"href":"https:\/\/www.editions-howtobecome.com\/index.php\/wp-json\/wp\/v2\/types\/product"}],"wp:featuredmedia":[{"embeddable":true,"href":"https:\/\/www.editions-howtobecome.com\/index.php\/wp-json\/wp\/v2\/media\/404"}],"wp:attachment":[{"href":"https:\/\/www.editions-howtobecome.com\/index.php\/wp-json\/wp\/v2\/media?parent=192"}],"wp:term":[{"taxonomy":"product_brand","embeddable":true,"href":"https:\/\/www.editions-howtobecome.com\/index.php\/wp-json\/wp\/v2\/product_brand?post=192"},{"taxonomy":"product_cat","embeddable":true,"href":"https:\/\/www.editions-howtobecome.com\/index.php\/wp-json\/wp\/v2\/product_cat?post=192"},{"taxonomy":"product_tag","embeddable":true,"href":"https:\/\/www.editions-howtobecome.com\/index.php\/wp-json\/wp\/v2\/product_tag?post=192"}],"curies":[{"name":"wp","href":"https:\/\/api.w.org\/{rel}","templated":true}]}}