{"id":190,"date":"2024-10-09T18:58:57","date_gmt":"2024-10-09T16:58:57","guid":{"rendered":"http:\/\/gvxzpby.cluster027.hosting.ovh.net\/?post_type=product&#038;p=190"},"modified":"2026-02-18T23:29:43","modified_gmt":"2026-02-18T22:29:43","slug":"sex-1-camille-kingue","status":"publish","type":"product","link":"https:\/\/www.editions-howtobecome.com\/index.php\/produit\/sex-1-camille-kingue\/","title":{"rendered":"Sex 1, Camille Kingu\u00e9"},"content":{"rendered":"<p>Un r\u00e9cit intime \u00e0 la premi\u00e8re personne qui traite des relations sexuelles\/intimes comme espaces de (re)d\u00e9couverte de soi et d\u2019(in)accessibilit\u00e9 \u00e0 l\u2019autre.<br \/>\n<i>SEX I<\/i>, de Camille Kingu\u00e9, 2024<br \/>\nChapbook, 40 pages<br \/>\nIsbn : 978-2-494141-09-4<\/p>\n","protected":false},"excerpt":{"rendered":"<p style=\"text-align: left;\">Je ne suis pas tomb\u00e9e amoureuse de toi pour \u00e9crire des po\u00e8mes&#8230;<\/p>\n","protected":false},"featured_media":405,"template":"","meta":{"_acf_changed":false},"product_brand":[],"product_cat":[17],"product_tag":[],"class_list":{"0":"post-190","1":"product","2":"type-product","3":"status-publish","4":"has-post-thumbnail","6":"product_cat-non-classe","7":"product_shipping_class-21g-99g","9":"first","10":"instock","11":"taxable","12":"shipping-taxable","13":"purchasable","14":"product-type-simple"},"acf":[],"_links":{"self":[{"href":"https:\/\/www.editions-howtobecome.com\/index.php\/wp-json\/wp\/v2\/product\/190","targetHints":{"allow":["GET"]}}],"collection":[{"href":"https:\/\/www.editions-howtobecome.com\/index.php\/wp-json\/wp\/v2\/product"}],"about":[{"href":"https:\/\/www.editions-howtobecome.com\/index.php\/wp-json\/wp\/v2\/types\/product"}],"wp:featuredmedia":[{"embeddable":true,"href":"https:\/\/www.editions-howtobecome.com\/index.php\/wp-json\/wp\/v2\/media\/405"}],"wp:attachment":[{"href":"https:\/\/www.editions-howtobecome.com\/index.php\/wp-json\/wp\/v2\/media?parent=190"}],"wp:term":[{"taxonomy":"product_brand","embeddable":true,"href":"https:\/\/www.editions-howtobecome.com\/index.php\/wp-json\/wp\/v2\/product_brand?post=190"},{"taxonomy":"product_cat","embeddable":true,"href":"https:\/\/www.editions-howtobecome.com\/index.php\/wp-json\/wp\/v2\/product_cat?post=190"},{"taxonomy":"product_tag","embeddable":true,"href":"https:\/\/www.editions-howtobecome.com\/index.php\/wp-json\/wp\/v2\/product_tag?post=190"}],"curies":[{"name":"wp","href":"https:\/\/api.w.org\/{rel}","templated":true}]}}