{"id":188,"date":"2024-10-09T18:51:43","date_gmt":"2024-10-09T16:51:43","guid":{"rendered":"http:\/\/gvxzpby.cluster027.hosting.ovh.net\/?post_type=product&#038;p=188"},"modified":"2025-03-01T20:49:05","modified_gmt":"2025-03-01T19:49:05","slug":"sur-la-route-sabiche-et-les-lutins-dile-de-france-dodie-bellamy","status":"publish","type":"product","link":"https:\/\/www.editions-howtobecome.com\/index.php\/produit\/sur-la-route-sabiche-et-les-lutins-dile-de-france-dodie-bellamy\/","title":{"rendered":"Sur la route, sabiche et les lutins d&rsquo;\u00eele de france + dodie bellamy"},"content":{"rendered":"<p>La version housewife-po\u00e9tesse kicked out de la maison o\u00f9 elle vivait, qui se retrouve on the road yeah, le long des pissenlits tra\u00eenant d\u2019\u00e9normes valises, pleines de livres et de bidules inutiles-essentiels, dont un cr\u00e2ne humain avec qui elle parle. Des lutins et Dodie Bellamy \u2014 dont sabiche traduit l\u2019essai \u201cL\u2019\u00e9criture comme accumulation compulsive\u201d \u2014 viennent l\u2019aider\u2026<br \/>\n<i>SUR LA ROUTE<\/i>, sabiche, 2024<br \/>\nChapbook, 40 pages<br \/>\nIsbn : 978-2-494141-07-0<\/p>\n<p>&nbsp;<\/p>\n","protected":false},"excerpt":{"rendered":"<p style=\"text-align: left;\">La version housewife-po\u00e9tesse kicked out de la maison o\u00f9 elle vivait, qui se retrouve on the road le long des pissenlits tra\u00eenant d\u2019\u00e9normes valises, pleines de livres et de bidules inutiles-essentiels, dont un cr\u00e2ne humain&#8230;<\/p>\n","protected":false},"featured_media":406,"template":"","meta":{"_acf_changed":false},"product_brand":[],"product_cat":[17],"product_tag":[],"class_list":{"0":"post-188","1":"product","2":"type-product","3":"status-publish","4":"has-post-thumbnail","6":"product_cat-non-classe","7":"product_shipping_class-21g-99g","9":"first","10":"instock","11":"taxable","12":"shipping-taxable","13":"purchasable","14":"product-type-simple"},"acf":[],"_links":{"self":[{"href":"https:\/\/www.editions-howtobecome.com\/index.php\/wp-json\/wp\/v2\/product\/188","targetHints":{"allow":["GET"]}}],"collection":[{"href":"https:\/\/www.editions-howtobecome.com\/index.php\/wp-json\/wp\/v2\/product"}],"about":[{"href":"https:\/\/www.editions-howtobecome.com\/index.php\/wp-json\/wp\/v2\/types\/product"}],"wp:featuredmedia":[{"embeddable":true,"href":"https:\/\/www.editions-howtobecome.com\/index.php\/wp-json\/wp\/v2\/media\/406"}],"wp:attachment":[{"href":"https:\/\/www.editions-howtobecome.com\/index.php\/wp-json\/wp\/v2\/media?parent=188"}],"wp:term":[{"taxonomy":"product_brand","embeddable":true,"href":"https:\/\/www.editions-howtobecome.com\/index.php\/wp-json\/wp\/v2\/product_brand?post=188"},{"taxonomy":"product_cat","embeddable":true,"href":"https:\/\/www.editions-howtobecome.com\/index.php\/wp-json\/wp\/v2\/product_cat?post=188"},{"taxonomy":"product_tag","embeddable":true,"href":"https:\/\/www.editions-howtobecome.com\/index.php\/wp-json\/wp\/v2\/product_tag?post=188"}],"curies":[{"name":"wp","href":"https:\/\/api.w.org\/{rel}","templated":true}]}}