{"id":122,"date":"2024-09-26T15:57:06","date_gmt":"2024-09-26T13:57:06","guid":{"rendered":"http:\/\/gvxzpby.cluster027.hosting.ovh.net\/?post_type=product&#038;p=122"},"modified":"2025-03-03T12:40:23","modified_gmt":"2025-03-03T11:40:23","slug":"how-to-become-a-motherfuckinelegist","status":"publish","type":"product","link":"https:\/\/www.editions-howtobecome.com\/index.php\/produit\/how-to-become-a-motherfuckinelegist\/","title":{"rendered":"How to Become a Motherfuckinelegist (n\u00b04)"},"content":{"rendered":"<p lang=\"fr-FR\">How to become a motherfuckinelegist? En septembre 2020, nous avons commenc\u00e9 \u00e0 traduire collectivement un essai de Kathy Acker : <i>The City<\/i>. C&rsquo;est un texte extrait de son recueil <i>Bodies of Work<\/i>, que l&rsquo;on peut aussi trouver dans une version l\u00e9g\u00e8rement diff\u00e9rente dans <i>Don Quichotte : Ce qui \u00e9tait un r\u00eave<\/i>. La narratrice, une bodybuildeuse, fait le r\u00e9cit d&rsquo;une histoire d&rsquo;amour non r\u00e9ciproque, copiant des fragments de vers \u00e9l\u00e9giaques de Catulle qu&rsquo;elle traduit. Parall\u00e8lement \u00e0 notre traduction d&rsquo;Acker, est n\u00e9e l&rsquo;envie de mener une recherche autour du genre \u00e9l\u00e9giaque en litt\u00e9rature. \u00abChant de mort\u00bb, en grec. C&rsquo;est un genre d&rsquo;\u00e9criture ou on pleure et on chante en m\u00eame temps, un \u00eatre d\u00e9funt, ou le fant\u00f4me de l&rsquo;\u00eatre aim\u00e9. Nous notons que la complainte doit s&rsquo;effectuer en alternant hexam\u00e8tres et pentam\u00e8tres en distiques. Cute. Nina se rapproche et demande c&rsquo;est qui \u00ab on \u00bb? Qui pleure, g\u00e9mit, \u00e0 le droit de geindre ? Fortes du constat que la plupart des \u00e9l\u00e9gies \u00ab retenues \u00bb dans l&rsquo;histoire sont \u00e9crites par des hommes cherchant a conjurer la perle de leurs pairs (hommes) \u2013 et oui les hommes pr\u00e9f\u00e8rent les hommes, disait une bougresse \u2013 nous avons trac\u00e9 les formes d&rsquo;usages et d&rsquo;abus de cette litt\u00e9rature on-ne-peut-plus s\u00e9rieuse, par des femmes. Au travers de nos lectures nous avons commenc\u00e9 \u00e0 tisser des liens entre complainte \u00e9l\u00e9giaque et politique de Ia m\u00e9moire. En quoi l&rsquo;\u00e9l\u00e9gie est un leg (patriarcal) qui participe d&rsquo;une certaine conception du deuil dans une soci\u00e9t\u00e9 au nom du p\u00e8re? \u00c0 l\u2019int\u00e9rieur de ce numero, nous explorons les voix pr\u00e9sentes et fantomatiques qui nous aident \u00e0 penser l&rsquo;\u00e9l\u00e9gie comme performance du genre, comme piratage f\u00e9ministe de la litt\u00e9rature dominante.<\/p>\n","protected":false},"excerpt":{"rendered":"<p>Revue HTB n\u00b04 :\u00a0en 2020, nous avons commenc\u00e9 \u00e0 traduire collectivement un essai de Kathy Acker : <i>The City<\/i>. C&rsquo;est un texte extrait de son recueil <i>Bodies of Work<\/i>, que l&rsquo;on peut aussi trouver dans une version l\u00e9g\u00e8rement diff\u00e9rente dans <i>Don Quichotte<\/i>. La narratrice, une bodybuildeuse&#8230;<br \/>\n\u00c9puis\u00e9e ! t\u00e9l\u00e9chargeable dans \u00ab Archives PDF \u00bb<\/p>\n","protected":false},"featured_media":491,"template":"","meta":{"_acf_changed":false},"product_brand":[],"product_cat":[17],"product_tag":[],"class_list":{"0":"post-122","1":"product","2":"type-product","3":"status-publish","4":"has-post-thumbnail","6":"product_cat-non-classe","7":"product_shipping_class-250g-a-499-g","9":"first","10":"outofstock","11":"taxable","12":"shipping-taxable","13":"purchasable","14":"product-type-simple"},"acf":[],"_links":{"self":[{"href":"https:\/\/www.editions-howtobecome.com\/index.php\/wp-json\/wp\/v2\/product\/122","targetHints":{"allow":["GET"]}}],"collection":[{"href":"https:\/\/www.editions-howtobecome.com\/index.php\/wp-json\/wp\/v2\/product"}],"about":[{"href":"https:\/\/www.editions-howtobecome.com\/index.php\/wp-json\/wp\/v2\/types\/product"}],"wp:featuredmedia":[{"embeddable":true,"href":"https:\/\/www.editions-howtobecome.com\/index.php\/wp-json\/wp\/v2\/media\/491"}],"wp:attachment":[{"href":"https:\/\/www.editions-howtobecome.com\/index.php\/wp-json\/wp\/v2\/media?parent=122"}],"wp:term":[{"taxonomy":"product_brand","embeddable":true,"href":"https:\/\/www.editions-howtobecome.com\/index.php\/wp-json\/wp\/v2\/product_brand?post=122"},{"taxonomy":"product_cat","embeddable":true,"href":"https:\/\/www.editions-howtobecome.com\/index.php\/wp-json\/wp\/v2\/product_cat?post=122"},{"taxonomy":"product_tag","embeddable":true,"href":"https:\/\/www.editions-howtobecome.com\/index.php\/wp-json\/wp\/v2\/product_tag?post=122"}],"curies":[{"name":"wp","href":"https:\/\/api.w.org\/{rel}","templated":true}]}}