{"id":113,"date":"2024-09-26T15:31:53","date_gmt":"2024-09-26T13:31:53","guid":{"rendered":"http:\/\/gvxzpby.cluster027.hosting.ovh.net\/?post_type=product&#038;p=113"},"modified":"2026-02-23T11:17:12","modified_gmt":"2026-02-23T10:17:12","slug":"how-to-become-the-daughters-of-darkness","status":"publish","type":"product","link":"https:\/\/www.editions-howtobecome.com\/index.php\/produit\/how-to-become-the-daughters-of-darkness\/","title":{"rendered":"How to Become the Daughters of Darkness"},"content":{"rendered":"<p><i>An erotic nightmare of vampire lust<\/i><\/p>\n<p>Ce num\u00e9ro explore un th\u00e8me crois\u00e9, l&rsquo;histoire du cruising lesbien et la figure de la vampire (qui cruise partout pour se nourrir !)<\/p>\n<p>Avec Felix Kazi-Tani, Nelle Gevers &amp; Giulia Longoni, Lorca Coquelicot, Terri de la Pe\u00f1a, La Chocha, L\u00e6titia Paviani, sabrina soyer, M\u00e9lanie Blaison, Dodie Bellamy, Martha Salimbeni, Joyce Rivi\u00e8re, Barbara Sirieix, Samuel R. Delany, slalom\u00e9\u00b7e, Sophie T. Lvoff, Lou\u00b7a, N\u00f6vi Jacquet, Rachel Schenberg, Eleanor Arnasson, Estelle Benazet Heugenhauser.<\/p>\n<p>Design\u00e9 par la dandy des arts du caract\u00e8re The graphiste Martha Salimbeni.<\/p>\n<p>Revue, 2023<br \/>\n192 pages<br \/>\nIsbn : 9782494141063<\/p>\n","protected":false},"excerpt":{"rendered":"<p style=\"text-align: left;\">Revue HTB n\u00b0 5 : An erotic nightmare of vampire lust. Ce num\u00e9ro explore un th\u00e8me crois\u00e9, l&rsquo;histoire du cruising lesbien et la figure de la vampire (qui cruise partout pour se nourrir ! )&#8230;<\/p>\n","protected":false},"featured_media":397,"template":"","meta":{"_acf_changed":false},"product_brand":[],"product_cat":[17],"product_tag":[],"class_list":{"0":"post-113","1":"product","2":"type-product","3":"status-publish","4":"has-post-thumbnail","6":"product_cat-non-classe","7":"product_shipping_class-250g-a-499-g","9":"first","10":"outofstock","11":"taxable","12":"shipping-taxable","13":"purchasable","14":"product-type-simple"},"acf":[],"_links":{"self":[{"href":"https:\/\/www.editions-howtobecome.com\/index.php\/wp-json\/wp\/v2\/product\/113","targetHints":{"allow":["GET"]}}],"collection":[{"href":"https:\/\/www.editions-howtobecome.com\/index.php\/wp-json\/wp\/v2\/product"}],"about":[{"href":"https:\/\/www.editions-howtobecome.com\/index.php\/wp-json\/wp\/v2\/types\/product"}],"wp:featuredmedia":[{"embeddable":true,"href":"https:\/\/www.editions-howtobecome.com\/index.php\/wp-json\/wp\/v2\/media\/397"}],"wp:attachment":[{"href":"https:\/\/www.editions-howtobecome.com\/index.php\/wp-json\/wp\/v2\/media?parent=113"}],"wp:term":[{"taxonomy":"product_brand","embeddable":true,"href":"https:\/\/www.editions-howtobecome.com\/index.php\/wp-json\/wp\/v2\/product_brand?post=113"},{"taxonomy":"product_cat","embeddable":true,"href":"https:\/\/www.editions-howtobecome.com\/index.php\/wp-json\/wp\/v2\/product_cat?post=113"},{"taxonomy":"product_tag","embeddable":true,"href":"https:\/\/www.editions-howtobecome.com\/index.php\/wp-json\/wp\/v2\/product_tag?post=113"}],"curies":[{"name":"wp","href":"https:\/\/api.w.org\/{rel}","templated":true}]}}