{"id":14,"date":"2024-09-11T17:15:20","date_gmt":"2024-09-11T15:15:20","guid":{"rendered":"http:\/\/gvxzpby.cluster027.hosting.ovh.net\/?page_id=14"},"modified":"2025-10-27T20:40:22","modified_gmt":"2025-10-27T19:40:22","slug":"bio","status":"publish","type":"page","link":"https:\/\/www.editions-howtobecome.com\/","title":{"rendered":"home"},"content":{"rendered":"\n<div style=\"height:60px\" aria-hidden=\"true\" class=\"wp-block-spacer\"><\/div>\n\n\n\n<div class=\"wp-block-columns is-layout-flex wp-container-core-columns-is-layout-28f84493 wp-block-columns-is-layout-flex\">\n<div class=\"wp-block-column is-layout-flow wp-block-column-is-layout-flow\" style=\"flex-basis:66.66%\">\n<div class=\"wp-block-columns is-layout-flex wp-container-core-columns-is-layout-28f84493 wp-block-columns-is-layout-flex\">\n<div class=\"wp-block-column is-layout-flow wp-block-column-is-layout-flow\">\n<figure class=\"wp-block-image aligncenter size-large is-resized\"><img loading=\"lazy\" decoding=\"async\" width=\"1024\" height=\"345\" src=\"https:\/\/www.editions-howtobecome.com\/wp-content\/uploads\/2025\/02\/Typo-Martha-etoile-1024x345.jpg\" alt=\"\" class=\"wp-image-507\" style=\"width:494px;height:auto\" srcset=\"https:\/\/www.editions-howtobecome.com\/wp-content\/uploads\/2025\/02\/Typo-Martha-etoile-1024x345.jpg 1024w, https:\/\/www.editions-howtobecome.com\/wp-content\/uploads\/2025\/02\/Typo-Martha-etoile-300x101.jpg 300w, https:\/\/www.editions-howtobecome.com\/wp-content\/uploads\/2025\/02\/Typo-Martha-etoile-768x259.jpg 768w, https:\/\/www.editions-howtobecome.com\/wp-content\/uploads\/2025\/02\/Typo-Martha-etoile-500x169.jpg 500w, https:\/\/www.editions-howtobecome.com\/wp-content\/uploads\/2025\/02\/Typo-Martha-etoile-600x202.jpg 600w, https:\/\/www.editions-howtobecome.com\/wp-content\/uploads\/2025\/02\/Typo-Martha-etoile.jpg 1242w\" sizes=\"auto, (max-width: 1024px) 100vw, 1024px\" \/><\/figure>\n\n\n\n<div style=\"height:12px\" aria-hidden=\"true\" class=\"wp-block-spacer\"><\/div>\n\n\n\n<p><\/p>\n\n\n\n<p>How to Become (HTB) est une maison d&rsquo;\u00e9dition autog\u00e9r\u00e9e, bas\u00e9e \u00e0 Montreuil. Ses membres sont reparti\u00b7es dans diff\u00e9rentes villes de France et de Belgique. Notre QG d&rsquo;impression se situe \u00e0 Clamart. Cr\u00e9\u00e9e en 2016, HTB est devenue une association en 2021. Nous sommes des artistes et des \u00e9crivain\u00b7es qui faisons des croisements entre les arts plastiques, la litt\u00e9rature, les sciences sociales, le graphisme et la politique. Notre ligne \u00e9ditoriale a pour objectif la diffusion de textes ancr\u00e9s dans des h\u00e9ritages transp\u00e9d\u00e9gouines et f\u00e9ministes.<\/p>\n\n\n\n<p>Qu&rsquo;entendons-nous par maison d&rsquo;\u00e9dition autog\u00e9r\u00e9e&nbsp;? Les membres du collectif occupent diff\u00e9rents postes li\u00e9s \u00e0 l\u2019\u00e9dition et son \u00e9conomie (dans l\u2019id\u00e9al, \u00e7a tourne) ; nous cherchons par ailleurs des fa\u00e7ons de faire et diffuser des livres sans d\u00e9pendre du syst\u00e8me des subventions.&nbsp;Cela signifie que nous ne fonctionnons pas comme une maison d&rsquo;\u00e9dition classique avec r\u00e9ception et validation de manuscrits. Nous publions les textes des membres de l&rsquo;association ou de personnes impliqu\u00e9es de mani\u00e8re occasionnelle ou coopt\u00e9es.&nbsp;La majorit\u00e9 de nos publications sont r\u00e9alis\u00e9es et imprim\u00e9es dans notre atelier \u00e0 Clamart et nous les distribuons nous-m\u00eames dans les librairies, \u00e0 l&rsquo;aide d&rsquo;un trolley trois roues.<\/p>\n\n\n\n<p>HTB est aussi li\u00e9 \u00e0 un projet p\u00e9dagogique d\u2019ateliers d\u2019\u00e9criture et de recherche \u00e0 l\u2019int\u00e9rieur desquels nous partageons nos propres textes, traduisons collectivement des auteur\u00b7ices peu ou pas traduit\u00b7es en langue fran\u00e7aise, arpentons des livres qui nous semblent importants, discutons des subjectivit\u00e9s queers dans la litt\u00e9rature et dans l\u2019art en nous int\u00e9ressant aux formes sp\u00e9cifiques qu\u2019elles produisent. Nous nous demandons comment ces subjectivit\u00e9s bousculent, traversent, transgressent et squattent les genres litt\u00e9raires. \u00c0 l\u2019issue de ces ateliers, nous publions une revue diffus\u00e9e en France, Europe, \u00c9tats-Unis et Canada. Le dernier num\u00e9ro en date est le #5, How to Become The Daughters of Darkness (2023).<\/p>\n\n\n\n<p>Les ateliers sont gratuits et se passent dans diff\u00e9rents lieux \u00e0 Paris et ses banlieues, en mixit\u00e9 choisie (sans hommes cis h\u00e9t\u00e9ro). Leur r\u00e9gularit\u00e9 d\u00e9pend du nombre de participant\u00b7es et de l\u2019emploi du temps des membres de l\u2019asso. Pour une demande d\u2019inscription aux ateliers, adressez-nous un email \u00ab demande d\u2019inscription ateliers \u00bb \u00e0 <strong>howtobecomearevue@gmail.com<\/strong>.<\/p>\n\n\n\n<hr class=\"wp-block-separator has-alpha-channel-opacity\"\/>\n\n\n\n<p>Auteur\u00b7ices \/ membres de l&rsquo;asso : Doriane Balin, M\u00e9lanie Blaison, Lorca Coquelicot, Camille Kingu\u00e9, L\u00e6titia Paviani, Sof\u00eda Quintero Hern\u00e1ndez, Barbara Sirieix, sabrina soyer.<\/p>\n\n\n\n<p class=\"has-palette-color-3-color has-text-color has-link-color wp-elements-7cc73847dd649da79c970ad27f9ea54a\">* Typographie Daughters of Darkness dessin\u00e9e par <a href=\"https:\/\/marthasalimbeni.com\/\">Martha Salimbeni<\/a> pour notre revue <em>How to become The Daughters of Darkness<\/em>, 2023.<\/p>\n\n\n\n<div style=\"height:51px\" aria-hidden=\"true\" class=\"wp-block-spacer\"><\/div>\n\n\n\n<p><\/p>\n\n\n\n<p class=\"has-palette-color-3-color has-text-color has-link-color wp-elements-98524ea640af7006477e08132598d19f\">Librairies o\u00f9 trouver nos \u00e9ditions : <a href=\"https:\/\/after8books.com\/\" data-type=\"link\" data-id=\"https:\/\/after8books.com\/\">After 8 Books<\/a> (Paris), <a href=\"http:\/\/www.disparate.fr\/\" data-type=\"link\" data-id=\"http:\/\/www.disparate.fr\/\">Disparates <\/a>(Bordeaux), <a href=\"https:\/\/www.instagram.com\/exclibrairie\/?hl=fr\" data-type=\"link\" data-id=\"https:\/\/www.instagram.com\/exclibrairie\/?hl=fr\">EXC <\/a>(Paris), <a href=\"https:\/\/www.instagram.com\/furieparis\/?hl=fr\" data-type=\"link\" data-id=\"https:\/\/www.instagram.com\/furieparis\/?hl=fr\">Furies<\/a> (Paris), <a href=\"https:\/\/www.histoiredeloeil.com\/\" data-type=\"link\" data-id=\"https:\/\/www.histoiredeloeil.com\/\">Histoire de l&rsquo;\u0153il<\/a> (Marseille), <a href=\"https:\/\/librairieleuguelionne.com\/\" data-type=\"link\" data-id=\"https:\/\/librairieleuguelionne.com\/\">L&rsquo;Eug\u00e9lionne<\/a> (Montr\u00e9al), <a href=\"https:\/\/www.instagram.com\/librairielhydre\/\" data-type=\"link\" data-id=\"https:\/\/www.instagram.com\/librairielhydre\/\">L&rsquo;Hydre aux mille t\u00eates<\/a> (Marseille), <a href=\"https:\/\/lareguliere.fr\/\" data-type=\"link\" data-id=\"https:\/\/lareguliere.fr\/\">La R\u00e9guli\u00e8re<\/a> (Paris), <a href=\"https:\/\/motsbouche.com\/\" data-type=\"link\" data-id=\"https:\/\/motsbouche.com\/\">Les Mots \u00e0 La Bouche<\/a> (Paris), <a href=\"https:\/\/www.michelefirk.org\/\" data-type=\"link\" data-id=\"https:\/\/www.michelefirk.org\/\">Mich\u00e8le Firk<\/a> (Montreuil), <a href=\"https:\/\/www.rerengawines.com\/\" data-type=\"link\" data-id=\"https:\/\/www.rerengawines.com\/\">Rerenga Wines<\/a> (Paris), <a href=\"https:\/\/librairiesanstitre.com\/\" data-type=\"link\" data-id=\"https:\/\/librairiesanstitre.com\/\">Sans titre<\/a> (Paris).   <\/p>\n<\/div>\n<\/div>\n<\/div>\n\n\n\n<div class=\"wp-block-column is-layout-flow wp-block-column-is-layout-flow\" style=\"flex-basis:33.33%\">\n<div class=\"wp-block-columns is-layout-flex wp-container-core-columns-is-layout-28f84493 wp-block-columns-is-layout-flex\">\n<div class=\"wp-block-column is-layout-flow wp-container-core-column-is-layout-afa84b58 wp-block-column-is-layout-flow\" style=\"padding-right:var(--wp--preset--spacing--70);padding-left:var(--wp--preset--spacing--70)\">\n<div style=\"height:100px\" aria-hidden=\"true\" class=\"wp-block-spacer\"><\/div>\n\n\n\n<p><strong>Publi\u00e9\u00b7es \/ traduit\u00b7es chez HTB :<\/strong><br>Kathy Acker<\/p>\n\n\n\n<p>Eleanor Arnason<br>Doriane Balin<br>Barboring<br>H\u00e9l\u00e8ne Baril<br>Dodie Bellamy<br>Estelle Benazet Heugenhauser<br>M\u00e9lanie Blaison<br>Madison Bycroft<br>\u00c9lina Chauveaux<\/p>\n\n\n\n<p>Theia Chatelle<br>La Chocha<\/p>\n\n\n\n<p>Collectif Connexion Limit\u00e9e<\/p>\n\n\n\n<p>Rachel Corrie<br>Lorca Coquelicot<br>Charles Dauphinot<br>r. erica doyle<br>Terri De la Pe\u00f1a<br>Nayun Eom<br>Star Finch<br>Jack Frost<\/p>\n\n\n\n<p>Kay Gabriel<br>Nelle Gevers<\/p>\n\n\n\n<p>Groupe Al-Qwas<br>Jessica Guez<br>Nor Ivory Weber<br>N\u00f6vi Jacquet<br>Karen Johanns<br>Rami Karim<\/p>\n\n\n\n<p>T*F\u00e9lixe Kazi-Tani<br>Camille Kingu\u00e9<br>Pauline Le Boulba<br>Marie Legros M<br>Jie Liang<br>Rona Lorimer<br>Lou\u00b7a<br>Mira Mattar<br>Er\u00edn Moure<br>Eileen Myles<br>\u00c9milie Not\u00e9ris<br>Viktoria Oreshko<br>Julieta Paredes<br>Seobin Park<br>L\u00e6titia Paviani<\/p>\n\n\n\n<p>Nurit Peled-Elhanan<br>\u00c9lodie Petit<br>Alix Prada<br>Rosanna Puyol Boralevi<br>Layan Qarain<br>Sofia Quintero Hernandez<br>Samuel R. Delany<br>Joyce Rivi\u00e8re<br>Lisa Robertson<br>Th\u00e9o Robine Langlois<br>Martha Salimbeni<br>Esther Sauzet<br>Julie Sas<br>Rachel Schenberg<br>Gail Scott<br>Barbara Sirieix<br>Slalom\u00e9\u00b7e<br>sabrina soyer<br>Sabrina Tarasoff<br>Sophie T. Lvoff<br>Yan Tong Liu<br>Wang Yu Wen<br>Hani Yikyung Han<br>eta\u00efnn zwer<\/p>\n<\/div>\n<\/div>\n<\/div>\n<\/div>\n\n\n\n<p><\/p>\n","protected":false},"excerpt":{"rendered":"<p>How to Become (HTB) est une maison d&rsquo;\u00e9dition autog\u00e9r\u00e9e, bas\u00e9e \u00e0 Montreuil. Ses membres sont reparti\u00b7es dans diff\u00e9rentes villes de France et de Belgique. Notre QG d&rsquo;impression se situe \u00e0 Clamart. Cr\u00e9\u00e9e en 2016, HTB est devenue une association en 2021. Nous sommes des artistes et des \u00e9crivain\u00b7es qui faisons des croisements entre les arts [&hellip;]<\/p>\n","protected":false},"author":7,"featured_media":0,"parent":0,"menu_order":0,"comment_status":"closed","ping_status":"closed","template":"","meta":{"_acf_changed":false,"footnotes":""},"class_list":["post-14","page","type-page","status-publish","hentry"],"blocksy_meta":[],"acf":[],"_links":{"self":[{"href":"https:\/\/www.editions-howtobecome.com\/index.php\/wp-json\/wp\/v2\/pages\/14","targetHints":{"allow":["GET"]}}],"collection":[{"href":"https:\/\/www.editions-howtobecome.com\/index.php\/wp-json\/wp\/v2\/pages"}],"about":[{"href":"https:\/\/www.editions-howtobecome.com\/index.php\/wp-json\/wp\/v2\/types\/page"}],"author":[{"embeddable":true,"href":"https:\/\/www.editions-howtobecome.com\/index.php\/wp-json\/wp\/v2\/users\/7"}],"replies":[{"embeddable":true,"href":"https:\/\/www.editions-howtobecome.com\/index.php\/wp-json\/wp\/v2\/comments?post=14"}],"version-history":[{"count":47,"href":"https:\/\/www.editions-howtobecome.com\/index.php\/wp-json\/wp\/v2\/pages\/14\/revisions"}],"predecessor-version":[{"id":607,"href":"https:\/\/www.editions-howtobecome.com\/index.php\/wp-json\/wp\/v2\/pages\/14\/revisions\/607"}],"wp:attachment":[{"href":"https:\/\/www.editions-howtobecome.com\/index.php\/wp-json\/wp\/v2\/media?parent=14"}],"curies":[{"name":"wp","href":"https:\/\/api.w.org\/{rel}","templated":true}]}}